{"id":10,"date":"2022-05-30T14:45:03","date_gmt":"2022-05-30T12:45:03","guid":{"rendered":"https:\/\/mhpeintures.fr\/?page_id=10"},"modified":"2024-11-18T21:58:36","modified_gmt":"2024-11-18T20:58:36","slug":"creez-votre-site-avec-des-blocs","status":"publish","type":"page","link":"https:\/\/mhpeintures.fr\/","title":{"rendered":"MH Peintures"},"content":{"rendered":"\n<figure class=\"wp-block-pullquote\"><blockquote><p>Bienvenue chez MH Peintures, votre expert en peinture et travaux d\u2019int\u00e9rieurs bas\u00e9 \u00e0 Pommier, au c\u0153ur des Hauts-de-France. Depuis notre cr\u00e9ation, nous avons eu \u00e0 c\u0153ur de transformer vos espaces de vie et de travail gr\u00e2ce \u00e0 notre savoir-faire artisanal et notre passion pour la perfection.Cr\u00e9ez votre site avec des blocs<\/p><\/blockquote><\/figure>\n\n\n\n<h1 class=\"wp-block-heading\">Nos Services<\/h1>\n\n\n\n<p>Chez MH Peintures, nous offrons une gamme compl\u00e8te de services pour r\u00e9pondre \u00e0 tous vos besoins de r\u00e9novation :<\/p>\n\n\n\n<div class=\"wp-block-columns alignwide is-layout-flex wp-container-core-columns-is-layout-9d6595d7 wp-block-columns-is-layout-flex\">\n<div class=\"wp-block-column is-layout-flow wp-block-column-is-layout-flow\">\n<figure class=\"wp-block-image size-large is-resized\"><img loading=\"lazy\" decoding=\"async\" width=\"2560\" height=\"1441\" src=\"https:\/\/mhpeintures.fr\/wp-content\/uploads\/2024\/06\/pexels-blue-bird-7218578-4-edited-scaled.jpg\" alt=\"\" class=\"wp-image-108\" style=\"width:282px;height:auto\" srcset=\"https:\/\/mhpeintures.fr\/wp-content\/uploads\/2024\/06\/pexels-blue-bird-7218578-4-edited-scaled.jpg 2560w, https:\/\/mhpeintures.fr\/wp-content\/uploads\/2024\/06\/pexels-blue-bird-7218578-4-edited-300x169.jpg 300w, https:\/\/mhpeintures.fr\/wp-content\/uploads\/2024\/06\/pexels-blue-bird-7218578-4-edited-1024x576.jpg 1024w, https:\/\/mhpeintures.fr\/wp-content\/uploads\/2024\/06\/pexels-blue-bird-7218578-4-edited-768x432.jpg 768w, https:\/\/mhpeintures.fr\/wp-content\/uploads\/2024\/06\/pexels-blue-bird-7218578-4-edited-1536x864.jpg 1536w, https:\/\/mhpeintures.fr\/wp-content\/uploads\/2024\/06\/pexels-blue-bird-7218578-4-edited-2048x1153.jpg 2048w, https:\/\/mhpeintures.fr\/wp-content\/uploads\/2024\/06\/pexels-blue-bird-7218578-4-edited-2000x1126.jpg 2000w\" sizes=\"auto, (max-width: 2560px) 100vw, 2560px\" \/><\/figure>\n\n\n\n<p class=\"has-black-color has-text-color has-medium-font-size\"><strong>Peinture int\u00e9rieure et ext\u00e9rieure&nbsp;<\/strong><\/p>\n\n\n\n<p class=\"has-text-color\" style=\"color:#7a7a7a\">Sublimez vos murs avec nos peintures de haute qualit\u00e9, disponibles dans une large palette de couleurs et de finitions.<\/p>\n<\/div>\n\n\n\n<div class=\"wp-block-column is-layout-flow wp-block-column-is-layout-flow\">\n<figure class=\"wp-block-image size-large\"><img loading=\"lazy\" decoding=\"async\" width=\"2537\" height=\"1428\" src=\"https:\/\/mhpeintures.fr\/wp-content\/uploads\/2024\/06\/pexels-kseniachernaya-5691612-edited.jpg\" alt=\"\" class=\"wp-image-110\" srcset=\"https:\/\/mhpeintures.fr\/wp-content\/uploads\/2024\/06\/pexels-kseniachernaya-5691612-edited.jpg 2537w, https:\/\/mhpeintures.fr\/wp-content\/uploads\/2024\/06\/pexels-kseniachernaya-5691612-edited-300x169.jpg 300w, https:\/\/mhpeintures.fr\/wp-content\/uploads\/2024\/06\/pexels-kseniachernaya-5691612-edited-1024x576.jpg 1024w, https:\/\/mhpeintures.fr\/wp-content\/uploads\/2024\/06\/pexels-kseniachernaya-5691612-edited-768x432.jpg 768w, https:\/\/mhpeintures.fr\/wp-content\/uploads\/2024\/06\/pexels-kseniachernaya-5691612-edited-1536x865.jpg 1536w, https:\/\/mhpeintures.fr\/wp-content\/uploads\/2024\/06\/pexels-kseniachernaya-5691612-edited-2048x1153.jpg 2048w, https:\/\/mhpeintures.fr\/wp-content\/uploads\/2024\/06\/pexels-kseniachernaya-5691612-edited-2000x1126.jpg 2000w\" sizes=\"auto, (max-width: 2537px) 100vw, 2537px\" \/><\/figure>\n\n\n\n<p class=\"has-black-color has-text-color has-medium-font-size\"><strong>Enduits int\u00e9rieurs<\/strong>&nbsp;                               <\/p>\n\n\n\n<p class=\"has-text-color\" style=\"color:#7a7a7a\">Nous appliquons des enduits d\u00e9coratifs pour donner du caract\u00e8re et du relief \u00e0 vos surfaces int\u00e9rieures.<\/p>\n<\/div>\n\n\n\n<div class=\"wp-block-column is-layout-flow wp-block-column-is-layout-flow\">\n<figure class=\"wp-block-image size-large\"><img loading=\"lazy\" decoding=\"async\" width=\"2537\" height=\"1428\" src=\"https:\/\/mhpeintures.fr\/wp-content\/uploads\/2024\/06\/pexels-kseniachernaya-5691640-edited.jpg\" alt=\"\" class=\"wp-image-114\" srcset=\"https:\/\/mhpeintures.fr\/wp-content\/uploads\/2024\/06\/pexels-kseniachernaya-5691640-edited.jpg 2537w, https:\/\/mhpeintures.fr\/wp-content\/uploads\/2024\/06\/pexels-kseniachernaya-5691640-edited-300x169.jpg 300w, https:\/\/mhpeintures.fr\/wp-content\/uploads\/2024\/06\/pexels-kseniachernaya-5691640-edited-1024x576.jpg 1024w, https:\/\/mhpeintures.fr\/wp-content\/uploads\/2024\/06\/pexels-kseniachernaya-5691640-edited-768x432.jpg 768w, https:\/\/mhpeintures.fr\/wp-content\/uploads\/2024\/06\/pexels-kseniachernaya-5691640-edited-1536x865.jpg 1536w, https:\/\/mhpeintures.fr\/wp-content\/uploads\/2024\/06\/pexels-kseniachernaya-5691640-edited-2048x1153.jpg 2048w, https:\/\/mhpeintures.fr\/wp-content\/uploads\/2024\/06\/pexels-kseniachernaya-5691640-edited-2000x1126.jpg 2000w\" sizes=\"auto, (max-width: 2537px) 100vw, 2537px\" \/><\/figure>\n\n\n\n<p class=\"has-black-color has-text-color has-medium-font-size\"><strong>Rev\u00eatements de sols et muraux<\/strong>&nbsp;\/ <strong>parquet<\/strong><\/p>\n\n\n\n<p class=\"has-text-color\" style=\"color:#7a7a7a\">Que ce soit pour des sols en vinyle, stratifi\u00e9 ou des papiers peints \u00e9l\u00e9gants, nous avons les solutions parfaites pour chaque pi\u00e8ce de votre maison ou de votre entreprise.<\/p>\n<\/div>\n<\/div>\n\n\n\n<div class=\"wp-block-buttons is-content-justification-center is-layout-flex wp-container-core-buttons-is-layout-16018d1d wp-block-buttons-is-layout-flex\">\n<div class=\"wp-block-button\"><a class=\"wp-block-button__link wp-element-button\" href=\"https:\/\/mhpeintures.fr\/index.php\/contact\/?preview_id=12&amp;preview_nonce=3a9f4be8da&amp;preview=true\">Obtenez un devis gratuitement<\/a><\/div>\n<\/div>\n\n\n\n<hr class=\"wp-block-separator has-alpha-channel-opacity is-style-wide\"\/>\n\n\n\n<p><strong>Retrouvez-nous sur les r\u00e9seaux sociaux <\/strong><\/p>\n\n\n\n<ul class=\"wp-block-social-links has-normal-icon-size is-layout-flex wp-block-social-links-is-layout-flex\"><li class=\"wp-social-link wp-social-link-instagram  wp-block-social-link\"><a href=\"https:\/\/www.instagram.com\/mh_peintures_\/\" class=\"wp-block-social-link-anchor\"><svg width=\"24\" height=\"24\" viewBox=\"0 0 24 24\" version=\"1.1\" xmlns=\"http:\/\/www.w3.org\/2000\/svg\" aria-hidden=\"true\" focusable=\"false\"><path d=\"M12,4.622c2.403,0,2.688,0.009,3.637,0.052c0.877,0.04,1.354,0.187,1.671,0.31c0.42,0.163,0.72,0.358,1.035,0.673 c0.315,0.315,0.51,0.615,0.673,1.035c0.123,0.317,0.27,0.794,0.31,1.671c0.043,0.949,0.052,1.234,0.052,3.637 s-0.009,2.688-0.052,3.637c-0.04,0.877-0.187,1.354-0.31,1.671c-0.163,0.42-0.358,0.72-0.673,1.035 c-0.315,0.315-0.615,0.51-1.035,0.673c-0.317,0.123-0.794,0.27-1.671,0.31c-0.949,0.043-1.233,0.052-3.637,0.052 s-2.688-0.009-3.637-0.052c-0.877-0.04-1.354-0.187-1.671-0.31c-0.42-0.163-0.72-0.358-1.035-0.673 c-0.315-0.315-0.51-0.615-0.673-1.035c-0.123-0.317-0.27-0.794-0.31-1.671C4.631,14.688,4.622,14.403,4.622,12 s0.009-2.688,0.052-3.637c0.04-0.877,0.187-1.354,0.31-1.671c0.163-0.42,0.358-0.72,0.673-1.035 c0.315-0.315,0.615-0.51,1.035-0.673c0.317-0.123,0.794-0.27,1.671-0.31C9.312,4.631,9.597,4.622,12,4.622 M12,3 C9.556,3,9.249,3.01,8.289,3.054C7.331,3.098,6.677,3.25,6.105,3.472C5.513,3.702,5.011,4.01,4.511,4.511 c-0.5,0.5-0.808,1.002-1.038,1.594C3.25,6.677,3.098,7.331,3.054,8.289C3.01,9.249,3,9.556,3,12c0,2.444,0.01,2.751,0.054,3.711 c0.044,0.958,0.196,1.612,0.418,2.185c0.23,0.592,0.538,1.094,1.038,1.594c0.5,0.5,1.002,0.808,1.594,1.038 c0.572,0.222,1.227,0.375,2.185,0.418C9.249,20.99,9.556,21,12,21s2.751-0.01,3.711-0.054c0.958-0.044,1.612-0.196,2.185-0.418 c0.592-0.23,1.094-0.538,1.594-1.038c0.5-0.5,0.808-1.002,1.038-1.594c0.222-0.572,0.375-1.227,0.418-2.185 C20.99,14.751,21,14.444,21,12s-0.01-2.751-0.054-3.711c-0.044-0.958-0.196-1.612-0.418-2.185c-0.23-0.592-0.538-1.094-1.038-1.594 c-0.5-0.5-1.002-0.808-1.594-1.038c-0.572-0.222-1.227-0.375-2.185-0.418C14.751,3.01,14.444,3,12,3L12,3z M12,7.378 c-2.552,0-4.622,2.069-4.622,4.622S9.448,16.622,12,16.622s4.622-2.069,4.622-4.622S14.552,7.378,12,7.378z M12,15 c-1.657,0-3-1.343-3-3s1.343-3,3-3s3,1.343,3,3S13.657,15,12,15z M16.804,6.116c-0.596,0-1.08,0.484-1.08,1.08 s0.484,1.08,1.08,1.08c0.596,0,1.08-0.484,1.08-1.08S17.401,6.116,16.804,6.116z\"><\/path><\/svg><span class=\"wp-block-social-link-label screen-reader-text\">Instagram<\/span><\/a><\/li>\n\n<li class=\"wp-social-link wp-social-link-facebook  wp-block-social-link\"><a href=\"https:\/\/www.facebook.com\/profile.php?id=100077641047358\" class=\"wp-block-social-link-anchor\"><svg width=\"24\" height=\"24\" viewBox=\"0 0 24 24\" version=\"1.1\" xmlns=\"http:\/\/www.w3.org\/2000\/svg\" aria-hidden=\"true\" focusable=\"false\"><path d=\"M12 2C6.5 2 2 6.5 2 12c0 5 3.7 9.1 8.4 9.9v-7H7.9V12h2.5V9.8c0-2.5 1.5-3.9 3.8-3.9 1.1 0 2.2.2 2.2.2v2.5h-1.3c-1.2 0-1.6.8-1.6 1.6V12h2.8l-.4 2.9h-2.3v7C18.3 21.1 22 17 22 12c0-5.5-4.5-10-10-10z\"><\/path><\/svg><span class=\"wp-block-social-link-label screen-reader-text\">Facebook<\/span><\/a><\/li><\/ul>\n\n\n\n<hr class=\"wp-block-separator has-alpha-channel-opacity is-style-wide\"\/>\n","protected":false},"excerpt":{"rendered":"<p>Bienvenue chez MH Peintures, votre expert en peinture et travaux d\u2019int\u00e9rieurs bas\u00e9 \u00e0 Pommier, au c\u0153ur des Hauts-de-France. Depuis notre cr\u00e9ation, nous avons eu \u00e0 c\u0153ur de transformer vos espaces de vie et de travail gr\u00e2ce \u00e0 notre savoir-faire artisanal et notre passion pour la perfection.Cr\u00e9ez votre site avec des blocs Nos Services Chez MH &hellip; <\/p>\n<p class=\"link-more\"><a href=\"https:\/\/mhpeintures.fr\/\" class=\"more-link\">Lire la suite de<span class=\"screen-reader-text\">\u00ab\u00a0MH Peintures\u00a0\u00bb<\/span><\/a><\/p>\n","protected":false},"author":3,"featured_media":0,"parent":0,"menu_order":0,"comment_status":"closed","ping_status":"closed","template":"","meta":{"_monsterinsights_skip_tracking":false,"_monsterinsights_sitenote_active":false,"_monsterinsights_sitenote_note":"","_monsterinsights_sitenote_category":0,"footnotes":""},"class_list":["post-10","page","type-page","status-publish","hentry"],"aioseo_notices":[],"_links":{"self":[{"href":"https:\/\/mhpeintures.fr\/index.php\/wp-json\/wp\/v2\/pages\/10","targetHints":{"allow":["GET"]}}],"collection":[{"href":"https:\/\/mhpeintures.fr\/index.php\/wp-json\/wp\/v2\/pages"}],"about":[{"href":"https:\/\/mhpeintures.fr\/index.php\/wp-json\/wp\/v2\/types\/page"}],"author":[{"embeddable":true,"href":"https:\/\/mhpeintures.fr\/index.php\/wp-json\/wp\/v2\/users\/3"}],"replies":[{"embeddable":true,"href":"https:\/\/mhpeintures.fr\/index.php\/wp-json\/wp\/v2\/comments?post=10"}],"version-history":[{"count":11,"href":"https:\/\/mhpeintures.fr\/index.php\/wp-json\/wp\/v2\/pages\/10\/revisions"}],"predecessor-version":[{"id":157,"href":"https:\/\/mhpeintures.fr\/index.php\/wp-json\/wp\/v2\/pages\/10\/revisions\/157"}],"wp:attachment":[{"href":"https:\/\/mhpeintures.fr\/index.php\/wp-json\/wp\/v2\/media?parent=10"}],"curies":[{"name":"wp","href":"https:\/\/api.w.org\/{rel}","templated":true}]}}